					
{"id":2769,"date":"2019-07-10T05:41:10","date_gmt":"2019-07-10T05:41:10","guid":{"rendered":"https:\/\/systemsoft.com.tr\/home_1\/"},"modified":"2022-06-30T15:38:17","modified_gmt":"2022-06-30T15:38:17","slug":"home_1","status":"publish","type":"page","link":"https:\/\/systemsoft.com.tr\/en\/","title":{"rendered":"Home_1"},"content":{"rendered":"[vc_row full_width=&#8221;stretch_row&#8221; add_waves=&#8221;1&#8243; wave_bottom_left=&#8221;1&#8243; wave_bottom_right=&#8221;1&#8243; css=&#8221;.vc_custom_1565005851976{background-color: #d2eaff !important;}&#8221;][vc_column]<div id='cws-carousel-69e4eb4bb6746' class='cws-carousel-wrapper outer-arrows ' data-columns='3' data-slides-to-scroll='1' data-pagination='off' data-navigation='on' data-auto-height='off' data-draggable='on' data-infinite='off' data-autoplay='off' data-autoplay-speed='3000' data-pause-on-hover='off' data-vertical='off' data-vertical-swipe='off' data-mobile-landscape='2' data-tablet-portrait='3'><div class='cws-carousel cws-wrapper'><div class='cws-service-69e4eb4bb686a cws-service-module service-type-card divider-bottom disable-shadow icon-shape-hexagon'><div class='service-icon-wrapper'><span class='service-media-element'><\/span><span class='icon'><i class='cws_vc_shortcode_icon_3x fas fa-car-alt'><\/i><\/span><\/div><div class='service-info-wrapper'><div class='service-info-inner'><div class='service-counter'>01<\/div><h6 class='service-title'>Special Sales and Operations Program for Companies Selling Spare Parts<\/h6><div class='service-divider'><\/div><div class='service-description'>The classic of Sistem Yazilim, which has been serving to countless spare part companies and tens of thousands of spare parts dealers in Turkey since 2012..<\/div><div class='service-button-wrapper'><a href='\/en\/b2b' class='service-button hover'>B2B FEATURES<\/a><\/div><\/div><\/div><\/div><div class='cws-service-69e4eb4bb69a1 cws-service-module service-type-card divider-bottom disable-shadow icon-shape-hexagon'><div class='service-icon-wrapper'><span class='service-media-element'><\/span><span class='icon'><i class='cws_vc_shortcode_icon_3x fas fa-chart-line'><\/i><\/span><\/div><div class='service-info-wrapper'><div class='service-info-inner'><div class='service-counter'>02<\/div><h6 class='service-title'>Manage All Your Business Processes From End To End With A Single Program<\/h6><div class='service-divider'><\/div><div class='service-description'>Warehouse Management System, which is suitable for businesses of all sizes and provides cost and time savings by effectively controlling the processes of companies.<\/div><div class='service-button-wrapper'><a href='\/en\/wms' class='service-button hover'>WMS FEATURES<\/a><\/div><\/div><\/div><\/div><div class='cws-service-69e4eb4bb6a5a cws-service-module service-type-card divider-bottom disable-shadow icon-shape-hexagon'><div class='service-icon-wrapper'><span class='service-media-element'><\/span><span class='icon'><i class='cws_vc_shortcode_icon_3x fas fa-cart-arrow-down'><\/i><\/span><\/div><div class='service-info-wrapper'><div class='service-info-inner'><div class='service-counter'>03<\/div><h6 class='service-title'>Fully Integrated Turnkey E-commerce Solution<\/h6><div class='service-divider'><\/div><div class='service-description'>Open a virtual store in 1 day with the web service password of your contracted supplier company!<\/div><div class='service-button-wrapper'><a href='\/en\/b2c' class='service-button hover'>B2C FEATURES<\/a><\/div><\/div><\/div><\/div><\/div><\/div>[\/vc_column][\/vc_row][vc_row full_width=&#8221;stretch_row&#8221; particles=&#8221;1&#8243; particles_color=&#8221;#ffe27a&#8221; css=&#8221;.vc_custom_1564380800902{padding-top: 115px !important;padding-bottom: 115px !important;}&#8221; custom_styles_portrait=&#8221;.vc_custom_1564380800905{padding-top: 0px !important;}&#8221; custom_styles_mobile=&#8221;.vc_custom_1564380800907{padding-top: 50px !important;padding-bottom: 50px !important;}&#8221;][vc_column width=&#8221;1\/2&#8243; custom_styles_portrait=&#8221;.vc_custom_1565163364093{padding-top: 50px !important;}&#8221;]<div id='cws-image-69e4eb4bb6ad0' class='cws-image-module effect-no-hover'><div class=\"main-image\"><img decoding=\"async\" src=\"https:\/\/systemsoft.com.tr\/wp-content\/uploads\/2022\/06\/Mobil-Uygulama-min.jpg\" srcset=\"https:\/\/systemsoft.com.tr\/wp-content\/uploads\/2022\/06\/Mobil-Uygulama-min.jpg 2000w, https:\/\/systemsoft.com.tr\/wp-content\/uploads\/2022\/06\/Mobil-Uygulama-min-300x270.jpg 300w, https:\/\/systemsoft.com.tr\/wp-content\/uploads\/2022\/06\/Mobil-Uygulama-min-1024x920.jpg 1024w, https:\/\/systemsoft.com.tr\/wp-content\/uploads\/2022\/06\/Mobil-Uygulama-min-768x690.jpg 768w, https:\/\/systemsoft.com.tr\/wp-content\/uploads\/2022\/06\/Mobil-Uygulama-min-1536x1380.jpg 1536w\" sizes=\"(max-width: 2000px) 100vw, 2000px\" alt=\"\" class=\"main-image-main\" \/><\/div><\/div>[\/vc_column][vc_column width=&#8221;1\/2&#8243; offset=&#8221;vc_col-lg-5&#8243;]<div class='cws-textmodule-69e4eb4bb6d80 cws-textmodule'><div class='cws-textmodule-header subtitle-above'><h2 class='cws-textmodule-title'>B2B PROGRAM IS NOW A CLICK AWAY 7 DAYS 24 HOURS!<\/h2><\/div><div class='cws-textmodule-content-wrapper'><p>Download the B2B Mobile application from Google Play or App Store now, order from anywhere and from any company you want 24 hours a day, 7 days a week.<\/p>\n<\/div><\/div>[vc_row_inner css=&#8221;.vc_custom_1565357302822{margin-right: 0px !important;margin-left: 0px !important;padding-top: 50px !important;}&#8221;][vc_column_inner css=&#8221;.vc_custom_1565357473464{padding-right: 0px !important;padding-left: 0px !important;}&#8221; offset=&#8221;vc_col-md-6&#8243;]<div id='cws_button_wrapper_69e4eb4bb70da' class='cws_button_wrapper '><a id='cws_button_69e4eb4bb70db' class='cws-custom-button regular icon-position-right icon-face-flaticon-028-arrow-metamax' href='https:\/\/play.google.com\/store\/apps\/details?id=com.sistemyazilim.b2bmobile' target=\"_blank\"><span class='button-icon'><i class='cws-icon-regular flaticon-028-arrow-metamax'><\/i><\/span>DOWNLOAD NOW<span class='button-icon'><i class='cws-icon-regular flaticon-028-arrow-metamax'><\/i><\/span><\/a><\/div>[\/vc_column_inner][vc_column_inner css=&#8221;.vc_custom_1565357485841{padding-right: 0px !important;padding-left: 0px !important;}&#8221; offset=&#8221;vc_col-md-6 vc_col-xs-12&#8243;][\/vc_column_inner][\/vc_row_inner][\/vc_column][vc_column width=&#8221;1\/12&#8243; offset=&#8221;vc_hidden-md vc_hidden-sm vc_hidden-xs&#8221;][\/vc_column][\/vc_row][vc_row full_width=&#8221;stretch_row&#8221; css=&#8221;.vc_custom_1656170508311{padding-top: 76px !important;padding-bottom: 84px !important;background: #1f5abc url(https:\/\/systemsoft.com.tr\/wp-content\/uploads\/2019\/07\/bg_form.png?id=140) !important;}&#8221; el_id=&#8221;ucretsizdene&#8221;][vc_column]<div class='cws-textmodule-69e4eb4bb71bb cws-textmodule'><div class='cws-textmodule-header subtitle-beside'><h2 class='cws-textmodule-title'>OVER 100+ COMPANIES PREFERED SYSTEM SOFTWARE SOLUTIONS FILL OUT THE FORM TO TRY 15 DAYS FREE!<\/h2><\/div><\/div>\n<div class=\"wpcf7 no-js\" id=\"wpcf7-f3220-o1\" lang=\"en-US\" dir=\"ltr\" data-wpcf7-id=\"3220\">\n<div class=\"screen-reader-response\"><p role=\"status\" aria-live=\"polite\" aria-atomic=\"true\"><\/p> <ul><\/ul><\/div>\n<form action=\"\/en\/wp-json\/wp\/v2\/pages\/2769#wpcf7-f3220-o1\" method=\"post\" class=\"wpcf7-form init\" aria-label=\"Contact form\" novalidate=\"novalidate\" data-status=\"init\">\n<fieldset class=\"hidden-fields-container\"><input type=\"hidden\" name=\"_wpcf7\" value=\"3220\" \/><input type=\"hidden\" name=\"_wpcf7_version\" value=\"6.1.5\" \/><input type=\"hidden\" name=\"_wpcf7_locale\" value=\"en_US\" \/><input type=\"hidden\" name=\"_wpcf7_unit_tag\" value=\"wpcf7-f3220-o1\" \/><input type=\"hidden\" name=\"_wpcf7_container_post\" value=\"0\" \/><input type=\"hidden\" name=\"_wpcf7_posted_data_hash\" value=\"\" \/>\n<\/fieldset>\n<div class=\"form-advanced form-seo-score\">\n\t<div class=\"form-row form-column-4\">\n\t\t<p><label class=\"form-field-wrapper alter-counter\"><span class=\"wpcf7-form-control-wrap\" data-name=\"your-name\"><input size=\"40\" maxlength=\"400\" class=\"wpcf7-form-control wpcf7-text wpcf7-validates-as-required\" aria-required=\"true\" aria-invalid=\"false\" placeholder=\"Company Name\" value=\"\" type=\"text\" name=\"your-name\" \/><\/span><span class=\"form-field-counter\">01<\/span><\/label>\n\t\t<\/p>\n\t<\/div>\n\t<div class=\"form-row form-column-4\">\n\t\t<p><label class=\"form-field-wrapper alter-counter\"><span class=\"wpcf7-form-control-wrap\" data-name=\"your-phone\"><input size=\"40\" maxlength=\"400\" class=\"wpcf7-form-control wpcf7-text wpcf7-validates-as-required\" aria-required=\"true\" aria-invalid=\"false\" placeholder=\"Contact Number\" value=\"\" type=\"text\" name=\"your-phone\" \/><\/span><span class=\"form-field-counter\">02<\/span><\/label>\n\t\t<\/p>\n\t<\/div>\n\t<div class=\"form-row form-column-4\">\n\t\t<p><label class=\"form-field-wrapper alter-counter\"><span class=\"wpcf7-form-control-wrap\" data-name=\"your-email\"><input size=\"40\" maxlength=\"400\" class=\"wpcf7-form-control wpcf7-email wpcf7-validates-as-required wpcf7-text wpcf7-validates-as-email\" aria-required=\"true\" aria-invalid=\"false\" placeholder=\"E-Mail\" value=\"\" type=\"email\" name=\"your-email\" \/><\/span><span class=\"form-field-counter\">03<\/span><\/label>\n\t\t<\/p>\n\t<\/div>\n\t<div class=\"form-row form-column-4\">\n\t\t<p><button class=\"wpcf7-submit with-icon\">REQUEST DEMO<\/button>\n\t\t<\/p>\n\t<\/div>\n<\/div><div class=\"wpcf7-response-output\" aria-hidden=\"true\"><\/div>\n<\/form>\n<\/div>\n[\/vc_column][\/vc_row][vc_row full_width=&#8221;stretch_row&#8221; particles=&#8221;1&#8243; particles_color=&#8221;#ffe27a&#8221; css=&#8221;.vc_custom_1564564330870{padding-top: 100px !important;padding-bottom: 116px !important;}&#8221;][vc_column]<div class='cws-textmodule-69e4eb4bb7927 cws-textmodule'><div class='cws-textmodule-header subtitle-beside'><h2 class='cws-textmodule-title'>How do we work?<\/h2><\/div><div class='cws-textmodule-divider divider-position-under'><\/div><div class='cws-textmodule-content-wrapper'><p>As Sistem software, we follow our work in 4 basic steps in all our projects.<\/p>\n<\/div><\/div><div id=\"cws-roadmap-69e4eb4bb7ac8\" class=\"cws-roadmap-module\"><div class=\"roadmap-list-wrapper\"><div class='roadmap-row breakpoint odd'><div class='roadmap-item  cws_roadmap-item-69e4eb4bb7afc'><div class='roadmap-item-inner'><div class='roadmap-icon-wrapper'><span class='icon'><i class='cws_vc_shortcode_icon_3x flaticon-search-1'><\/i><\/span><\/div><div class='roadmap-label'><span>01<\/span><\/div><div class='roadmap-item-info'><h5 class='roadmap-title'>Analysis &amp; Projecting<\/h5><\/div><\/div><\/div><div class='roadmap-item  cws_roadmap-item-69e4eb4bb7b22'><div class='roadmap-item-inner'><div class='roadmap-icon-wrapper'><span class='icon'><i class='cws_vc_shortcode_icon_3x flaticon-idea'><\/i><\/span><\/div><div class='roadmap-label'><span>02<\/span><\/div><div class='roadmap-item-info'><h5 class='roadmap-title'>Development<\/h5><\/div><\/div><\/div><div class='roadmap-item  cws_roadmap-item-69e4eb4bb7b2a'><div class='roadmap-item-inner'><div class='roadmap-icon-wrapper'><span class='icon'><i class='cws_vc_shortcode_icon_3x flaticon-analytics'><\/i><\/span><\/div><div class='roadmap-label'><span>03<\/span><\/div><div class='roadmap-item-info'><h5 class='roadmap-title'>Test Process<\/h5><\/div><\/div><\/div><div class='roadmap-item end-point cws_roadmap-item-69e4eb4bb7b33'><div class='roadmap-item-inner'><div class='roadmap-icon-wrapper'><span class='icon'><i class='cws_vc_shortcode_icon_3x flaticon-analytics-1'><\/i><\/span><\/div><div class='roadmap-label'><span>04<\/span><\/div><div class='roadmap-item-info'><h5 class='roadmap-title'>Application<\/h5><\/div><\/div><\/div><\/div><\/div><\/div>[\/vc_column][\/vc_row][vc_row css=&#8221;.vc_custom_1654818582615{padding-top: 50px !important;padding-bottom: 50px !important;}&#8221;][vc_column]<div class='cws-textmodule-69e4eb4bb7bff cws-textmodule'><div class='cws-textmodule-header subtitle-beside'><h2 class='cws-textmodule-title'>Our References<\/h2><\/div><div class='cws-textmodule-divider divider-position-under'><\/div><\/div><div id='cws-testimonial-69e4eb4bb7d46' class='cws-testimonial-module style-1 align-center cws-carousel-wrapper'  data-columns='3' data-pagination='on' data-navigation='off' data-auto-height='on' data-draggable='on' data-autoplay='off' data-autoplay-speed='3000' data-mobile-landscape='1' data-tablet-portrait='2' data-center-mode='on' data-infinite='on'><div class='cws-testimonial-list cws-carousel'><div class='cws-testimonial-item'><div class='testimonial-info-wrapper'><div class='testimonial-img'><img src=https:\/\/systemsoft.com.tr\/wp-content\/uploads\/2022\/06\/NicePng_user-icon-png_1280406.png alt='testimonial' \/><\/div><div class='testimonial-author-name'>Bar\u0131\u015f \u00d6z<\/div><div class='testimonial-author-pos'>\u00d6za\u015f Automotive - General Manager<\/div><div class='testimonial-quote'>WE COMPANIES ALWAYS WANT TO GET THE BEST, BEST QUALITY SERVICE, THE MAIN SUBJECT WE MUST ATTENTION TO IS HOW WE GET THE SERVICE IN CONTINUITY OF COOPERATION. THANK YOU FOR YOUR COOPERATION, YOUR PROFESSIONAL APPROACH AND THE SERVICE YOU PROVIDE WITH QUICK AND ACCURATE SOLUTIONS. WE KNOW THAT WE CAN ALWAYS WORK WITH YOU AS OUR SOLUTION PARTNER AND A FRIEND YOU CAN TRUST.<\/div><div class='testimonial-rating'><i class='fas fa-star active'><\/i><i class='fas fa-star active'><\/i><i class='fas fa-star active'><\/i><i class='fas fa-star active'><\/i><i class='fas fa-star active'><\/i><\/div><\/div><\/div><div class='cws-testimonial-item'><div class='testimonial-info-wrapper'><div class='testimonial-img'><img src=https:\/\/systemsoft.com.tr\/wp-content\/uploads\/2022\/06\/NicePng_user-icon-png_1280406.png alt='testimonial' \/><\/div><div class='testimonial-author-name'>Erdem Kesmen<\/div><div class='testimonial-author-pos'>Erdemler Automotive \u2013 Company Partner<\/div><div class='testimonial-quote'>Before we started our business partnership with Systemsoft in 2019, I studied their structures a lot. Although nothing was noticed in the visual between alternative b2b systems, I saw a very complex infrastructure and very detailed program modules in the background and thought that it was meaningless to me. Now, I realized that many things are needed, and I came to the conclusion that the team that prepared a study that foresees the needs of the sector and did this job did their job well, and I have been continuing our business partnership since then. I hope that with the development of the program by the team working in the background with each passing day, it will become one with every part of our industry.<\/div><div class='testimonial-rating'><i class='fas fa-star active'><\/i><i class='fas fa-star active'><\/i><i class='fas fa-star active'><\/i><i class='fas fa-star active'><\/i><i class='fas fa-star active'><\/i><\/div><\/div><\/div><div class='cws-testimonial-item'><div class='testimonial-info-wrapper'><div class='testimonial-img'><img src=https:\/\/systemsoft.com.tr\/wp-content\/uploads\/2022\/06\/NicePng_user-icon-png_1280406.png alt='testimonial' \/><\/div><div class='testimonial-author-name'>Orhan Murtezao\u011flu<\/div><div class='testimonial-author-pos'>Orsan Balataci \u2013 Company Owner<\/div><div class='testimonial-quote'>In the automotive Parts industry, our company, Orsan Balatacilik San, has added value to the SystemSoft software team and the company owner in the today&#039;s technologies. Tic. Ltd. Sti. thank you on behalf of him.<\/div><div class='testimonial-rating'><i class='fas fa-star active'><\/i><i class='fas fa-star active'><\/i><i class='fas fa-star active'><\/i><i class='fas fa-star active'><\/i><i class='fas fa-star active'><\/i><\/div><\/div><\/div><div class='cws-testimonial-item'><div class='testimonial-info-wrapper'><div class='testimonial-img'><img src=https:\/\/systemsoft.com.tr\/wp-content\/uploads\/2022\/06\/NicePng_user-icon-png_1280406.png alt='testimonial' \/><\/div><div class='testimonial-author-name'>G\u00fclden D\u00fcr\u00fcsel<\/div><div class='testimonial-author-pos'>Akkaya Automotive \u2013 Company Owner<\/div><div class='testimonial-quote'>We would like to thank the valuable team of SystemSoft, who has facilitated our work, simplified and accelerated our operations, and strengthened the bridge between us and our customers, with the support and services they have given us since the day it was founded.<\/div><div class='testimonial-rating'><i class='fas fa-star active'><\/i><i class='fas fa-star active'><\/i><i class='fas fa-star active'><\/i><i class='fas fa-star active'><\/i><i class='fas fa-star active'><\/i><\/div><\/div><\/div><div class='cws-testimonial-item'><div class='testimonial-info-wrapper'><div class='testimonial-img'><img src=https:\/\/systemsoft.com.tr\/wp-content\/uploads\/2022\/06\/NicePng_user-icon-png_1280406.png alt='testimonial' \/><\/div><div class='testimonial-author-name'>Eren MISIRLI<\/div><div class='testimonial-author-pos'>\u0130du\u011f Petroleum Products Ltd. \u2013 Information Technologies Manager<\/div><div class='testimonial-quote'>Thanks to Sistem Yazilim&#039;s B2B Automation, we can easily manage the sales processes of our filter products. Thank you to the entire team for their service and support.<\/div><div class='testimonial-rating'><i class='fas fa-star active'><\/i><i class='fas fa-star active'><\/i><i class='fas fa-star active'><\/i><i class='fas fa-star active'><\/i><i class='fas fa-star active'><\/i><\/div><\/div><\/div><div class='cws-testimonial-item'><div class='testimonial-info-wrapper'><div class='testimonial-img'><img src=https:\/\/systemsoft.com.tr\/wp-content\/uploads\/2022\/06\/NicePng_user-icon-png_1280406.png alt='testimonial' \/><\/div><div class='testimonial-author-name'>Berat K\u0131na<\/div><div class='testimonial-author-pos'>K\u0131na Automotive<\/div><div class='testimonial-quote'>We would like to thank Sistem Yaz\u0131l\u0131m and its team for their contributions to our company with the technologies they have developed.<\/div><div class='testimonial-rating'><i class='fas fa-star active'><\/i><i class='fas fa-star active'><\/i><i class='fas fa-star active'><\/i><i class='fas fa-star active'><\/i><i class='fas fa-star active'><\/i><\/div><\/div><\/div><div class='cws-testimonial-item'><div class='testimonial-info-wrapper'><div class='testimonial-img'><img src=https:\/\/systemsoft.com.tr\/wp-content\/uploads\/2022\/06\/NicePng_user-icon-png_1280406.png alt='testimonial' \/><\/div><div class='testimonial-author-name'>Burak \u015eenay<\/div><div class='testimonial-author-pos'>Kar Auto \u2013 Company Owner<\/div><div class='testimonial-quote'>Our company has been working with Sistem Yaz\u0131l\u0131m for many years. With additional software developed in line with the needs of our industry, Sistem Yazilim, which is not only focused on B2B sales, in our company; It offers us a perfectly functioning infrastructure in many areas such as sales, after-sales processes, collection, return processes, shipping methods, in-warehouse operations, software security, additional campaign modules, etc. The contribution of these software, which they have developed in the B2B background, to the current position of our company is undoubtedly very much.<\/div><div class='testimonial-rating'><i class='fas fa-star active'><\/i><i class='fas fa-star active'><\/i><i class='fas fa-star active'><\/i><i class='fas fa-star active'><\/i><i class='fas fa-star active'><\/i><\/div><\/div><\/div><\/div><\/div>[\/vc_column][\/vc_row][vc_row full_width=&#8221;stretch_row&#8221; equal_height=&#8221;yes&#8221; particles=&#8221;1&#8243; particles_color=&#8221;#ffe27a&#8221; css=&#8221;.vc_custom_1654732413230{padding-top: 50px !important;padding-bottom: 50px !important;background-image: url(https:\/\/systemsoft.com.tr\/wp-content\/uploads\/2019\/07\/Bg_n.jpg?id=100) !important;}&#8221;][vc_column]<div class='cws-textmodule-69e4eb4bb8055 cws-textmodule'><div class='cws-textmodule-header subtitle-beside'><h2 class='cws-textmodule-title'>Yedek par\u00e7a sekt\u00f6r\u00fcn\u00fcn teknolojik bulu\u015fma noktas\u0131 S\u0130STEM YAZILIM<\/h2><\/div><div class='cws-textmodule-divider divider-position-under'><\/div><\/div>[vc_row_inner][vc_column_inner width=&#8221;1\/4&#8243;]<div id='cws-milestone-69e4eb4bb81a5' class='cws-milestone-module divider-under-icon hide-divider-hover'><div class='cws-milestone-main'><div class='cws-milestone-wrapper'><div class='cws-milestone-icon-wrapper'><span class='icon'><i class='cws_vc_shortcode_icon_3x flaticon-growth'><\/i><\/span><\/div><div class='cws-milestone-info'><div class='cws-milestone-title'>TOTAL NUMBER OF CUSTOMERS<\/div><div class='cws-milestone-desc'>Happy Customer<\/div><\/div><div class='cws-milestone-number-wrapper'><div class='cws-milestone-number' data-speed=\"2000\">150<\/div><div class=\"cws-milestone-sup\">+<\/div><\/div><\/div><\/div><\/div>[\/vc_column_inner][vc_column_inner width=&#8221;1\/4&#8243;]<div id='cws-milestone-69e4eb4bb824e' class='cws-milestone-module divider-under-icon hide-divider-hover'><div class='cws-milestone-main'><div class='cws-milestone-wrapper'><div class='cws-milestone-icon-wrapper'><span class='icon'><i class='cws_vc_shortcode_icon_3x flaticon-growth'><\/i><\/span><\/div><div class='cws-milestone-info'><div class='cws-milestone-title'>TOTAL NUMBER OF INTEGRATIONS<\/div><div class='cws-milestone-desc'>Integration<\/div><\/div><div class='cws-milestone-number-wrapper'><div class='cws-milestone-number' data-speed=\"2000\">120<\/div><div class=\"cws-milestone-sup\">+<\/div><\/div><\/div><\/div><\/div>[\/vc_column_inner][vc_column_inner width=&#8221;1\/4&#8243;]<div id='cws-milestone-69e4eb4bb82d2' class='cws-milestone-module divider-under-icon hide-divider-hover'><div class='cws-milestone-main'><div class='cws-milestone-wrapper'><div class='cws-milestone-icon-wrapper'><span class='icon'><i class='cws_vc_shortcode_icon_3x flaticon-growth'><\/i><\/span><\/div><div class='cws-milestone-info'><div class='cws-milestone-title'>TOTAL NUMBER OF CALLS<\/div><div class='cws-milestone-desc'>Total Product Search<\/div><\/div><div class='cws-milestone-number-wrapper'><div class='cws-milestone-number' data-speed=\"2000\">400000<\/div><div class=\"cws-milestone-sup\">+<\/div><\/div><\/div><\/div><\/div>[\/vc_column_inner][vc_column_inner width=&#8221;1\/4&#8243;]<div id='cws-milestone-69e4eb4bb8355' class='cws-milestone-module divider-under-icon hide-divider-hover'><div class='cws-milestone-main'><div class='cws-milestone-wrapper'><div class='cws-milestone-icon-wrapper'><span class='icon'><i class='cws_vc_shortcode_icon_3x flaticon-growth'><\/i><\/span><\/div><div class='cws-milestone-info'><div class='cws-milestone-title'>TOTAL EXPERIENCE<\/div><div class='cws-milestone-desc'>20<\/div><\/div><div class='cws-milestone-number-wrapper'><div class='cws-milestone-number' data-speed=\"2000\">20<\/div><div class=\"cws-milestone-sup\">+<\/div><\/div><\/div><\/div><\/div>[\/vc_column_inner][\/vc_row_inner][\/vc_column][\/vc_row]\n","protected":false},"excerpt":{"rendered":"<p>[vc_row full_width=&#8221;stretch_row&#8221; add_waves=&#8221;1&#8243; wave_bottom_left=&#8221;1&#8243; wave_bottom_right=&#8221;1&#8243; css=&#8221;.vc_custom_1565005851976{background-color: #d2eaff !important;}&#8221;][vc_column][\/vc_column][\/vc_row][vc_row full_width=&#8221;stretch_row&#8221; particles=&#8221;1&#8243; particles_color=&#8221;#ffe27a&#8221; css=&#8221;.vc_custom_1564380800902{padding-top: 115px !important;padding-bottom: 115px !important;}&#8221; custom_styles_portrait=&#8221;.vc_custom_1564380800905{padding-top: 0px !important;}&#8221; custom_styles_mobile=&#8221;.vc_custom_1564380800907{padding-top: 50px !important;padding-bottom: 50px !important;}&#8221;][vc_column width=&#8221;1\/2&#8243; custom_styles_portrait=&#8221;.vc_custom_1565163364093{padding-top: 50px !important;}&#8221;][\/vc_column][vc_column width=&#8221;1\/2&#8243; offset=&#8221;vc_col-lg-5&#8243;][vc_row_inner css=&#8221;.vc_custom_1565357302822{margin-right: 0px !important;margin-left: 0px !important;padding-top: 50px !important;}&#8221;][vc_column_inner css=&#8221;.vc_custom_1565357473464{padding-right: 0px !important;padding-left: 0px !important;}&#8221; offset=&#8221;vc_col-md-6&#8243;][\/vc_column_inner][vc_column_inner css=&#8221;.vc_custom_1565357485841{padding-right: 0px !important;padding-left: 0px !important;}&#8221; offset=&#8221;vc_col-md-6 vc_col-xs-12&#8243;][\/vc_column_inner][\/vc_row_inner][\/vc_column][vc_column width=&#8221;1\/12&#8243; offset=&#8221;vc_hidden-md vc_hidden-sm vc_hidden-xs&#8221;][\/vc_column][\/vc_row][vc_row full_width=&#8221;stretch_row&#8221; css=&#8221;.vc_custom_1656170508311{padding-top: 76px !important;padding-bottom: 84px !important;background: #1f5abc url(https:\/\/systemsoft.com.tr\/wp-content\/uploads\/2019\/07\/bg_form.png?id=140) !important;}&#8221; el_id=&#8221;ucretsizdene&#8221;][vc_column][\/vc_column][\/vc_row][vc_row full_width=&#8221;stretch_row&#8221; particles=&#8221;1&#8243; particles_color=&#8221;#ffe27a&#8221; css=&#8221;.vc_custom_1564564330870{padding-top: 100px !important;padding-bottom: 116px !important;}&#8221;][vc_column][\/vc_column][\/vc_row][vc_row css=&#8221;.vc_custom_1654818582615{padding-top: 50px !important;padding-bottom: 50px !important;}&#8221;][vc_column][\/vc_column][\/vc_row][vc_row full_width=&#8221;stretch_row&#8221; equal_height=&#8221;yes&#8221; particles=&#8221;1&#8243; particles_color=&#8221;#ffe27a&#8221; css=&#8221;.vc_custom_1654732413230{padding-top: 50px !important;padding-bottom: 50px !important;background-image: url(https:\/\/systemsoft.com.tr\/wp-content\/uploads\/2019\/07\/Bg_n.jpg?id=100) !important;}&#8221;][vc_column][vc_row_inner][vc_column_inner width=&#8221;1\/4&#8243;][\/vc_column_inner][vc_column_inner width=&#8221;1\/4&#8243;][\/vc_column_inner][vc_column_inner width=&#8221;1\/4&#8243;][\/vc_column_inner][vc_column_inner width=&#8221;1\/4&#8243;][\/vc_column_inner][\/vc_row_inner][\/vc_column][\/vc_row]<\/p>\n","protected":false},"author":1,"featured_media":0,"parent":0,"menu_order":0,"comment_status":"closed","ping_status":"closed","template":"","meta":{"footnotes":""},"class_list":["post-2769","page","type-page","status-publish","hentry"],"_links":{"self":[{"href":"https:\/\/systemsoft.com.tr\/en\/wp-json\/wp\/v2\/pages\/2769","targetHints":{"allow":["GET"]}}],"collection":[{"href":"https:\/\/systemsoft.com.tr\/en\/wp-json\/wp\/v2\/pages"}],"about":[{"href":"https:\/\/systemsoft.com.tr\/en\/wp-json\/wp\/v2\/types\/page"}],"author":[{"embeddable":true,"href":"https:\/\/systemsoft.com.tr\/en\/wp-json\/wp\/v2\/users\/1"}],"replies":[{"embeddable":true,"href":"https:\/\/systemsoft.com.tr\/en\/wp-json\/wp\/v2\/comments?post=2769"}],"version-history":[{"count":4,"href":"https:\/\/systemsoft.com.tr\/en\/wp-json\/wp\/v2\/pages\/2769\/revisions"}],"predecessor-version":[{"id":3236,"href":"https:\/\/systemsoft.com.tr\/en\/wp-json\/wp\/v2\/pages\/2769\/revisions\/3236"}],"wp:attachment":[{"href":"https:\/\/systemsoft.com.tr\/en\/wp-json\/wp\/v2\/media?parent=2769"}],"curies":[{"name":"wp","href":"https:\/\/api.w.org\/{rel}","templated":true}]}}